{"id":24,"date":"2023-12-12T19:42:01","date_gmt":"2023-12-12T19:42:01","guid":{"rendered":"https:\/\/gobiernomexicano.com\/JCZSMX\/home\/"},"modified":"2023-12-22T03:02:17","modified_gmt":"2023-12-22T03:02:17","slug":"home","status":"publish","type":"page","link":"https:\/\/gobiernomexicano.com\/JCZSMX\/","title":{"rendered":"Home"},"content":{"rendered":"\n\n\n<h4><span style=\"color: rgb(255, 255, 255);\"><strong>J<\/strong>uan Carlos<strong> Z<\/strong>azueta <strong>S<\/strong>eoane<\/span><br><\/h4>\n<p>Listo para participar en el proceso electoral de 2024 y buscar una diputaci\u00f3n local de la CDMX&nbsp; por el Partido de la Revoluci\u00f3n Democr\u00e1tica (PRD). En M\u00e9xico se necesitan \u201cpol\u00edticos reales y pol\u00edticas reales. Y yo quiero hacer cosas por nuestro pa\u00eds\u201d.<\/p>\n\n\n\n\n\n\n\n<h5>VIDEO PRESENTACI\u00d3N<\/h5>\n\n\n\n\n\n\n\n\n<h2>ProYecto<\/h2>\n\n\n<h6><strong>El anarcocapitalismo (conocido tambi\u00e9n como anarquismo de libre mercado,anarquismo libertario, anarquismo de propiedad privada\u200b o anarcoliberalismo) es una filosof\u00eda pol\u00edtica que promueve la anarqu\u00eda \u2014 entendida como sociedad organizada sin Estado \u2014 y la protecci\u00f3n de la soberan\u00eda del individuo por medio de la propiedad privada y el mercado libre.<\/strong>\u200b<\/h6>\n\n\n\n\n\n\n\n\n\n\n<h1><span style=\"color:#ffffff;\">ANARCO<span style=\"\"><\/span><\/span><span style=\"color:#ffb400ff;\">CAPITALISMO<\/span><\/h1>\n\n\n<h6 style=\"text-align: justify;\"><span style=\"color:#ffffff;\">Los anarcocapitalistas definen la propiedad de uno mismo como el derecho de cada persona a la propiedad sobre su propio cuerpo, mientras que mediante el principio de apropiaci\u00f3n original establecen que cada quien es propietario leg\u00edtimo de todos aquellos recursos sin propietario previo, sobre los cuales haya realizado alguna forma de trabajo.<\/span><br><\/h6>\n<h6 style=\"text-align: justify;\"><span style=\"color:#ffffff;\">Esta es la ra\u00edz de los derechos de propiedad en el anarcocapitalismo. \nLos anarcocapitalistas defienden el derecho de cada persona a los frutos\n de su trabajo independientemente de su necesidad o la de otros. Despu\u00e9s\n de ser creada mediante el trabajo, la propiedad solo puede cambiar de \nmanos leg\u00edtimamente cuando es intercambiada voluntariamente (por otra \npropiedad producida previamente, mediante el trabajo) o cuando es \nregalada o donada. Las transferencias forzadas, para las cuales una de \nlas partes utiliza o amenaza con utilizar alguna forma de violencia, son\n consideradas ileg\u00edtimas. <\/span><br><\/h6>\n<h4>Seguidores<br><\/h4>\n\n\n\n\n\n\n\n\n\n\n\n\n\n\n\n\n<h1><br>candidaturas <span style=\"color: #FFB400\">ciudadanas<br><br><\/span><\/h1>\n\n\n\n\n\n<h3>SANTIAGO<span style=\"color: #FFB400\">TABOADA<\/span><\/h3>\n<p>Grandes momentos en la presentaci\u00f3n de nuestro querido Santiago Taboada hoy en el PRD es un placer que podamos apoyar a qu\u00e9 se gasten esas botas amarillas en pro de la gente y del proyecto de mejorar esta sociedad <br><\/p>\n\n\n\n\n<h6>Nov,2023<\/h6>\n\n\n\n\n<h6>Nov, 202<\/h6>\n\n\n\n\n\n\n<h6>Nov, 2023<\/h6>\n\n\n\n\n<h6>Nov, 2023 <\/h6>\n\n\n\n\n","protected":false},"excerpt":{"rendered":"","protected":false},"author":0,"featured_media":0,"parent":0,"menu_order":0,"comment_status":"closed","ping_status":"closed","template":"","meta":{"pagelayer_contact_templates":[],"_pagelayer_content":"","footnotes":""},"class_list":["post-24","page","type-page","status-publish","hentry"],"_links":{"self":[{"href":"https:\/\/gobiernomexicano.com\/JCZSMX\/wp-json\/wp\/v2\/pages\/24","targetHints":{"allow":["GET"]}}],"collection":[{"href":"https:\/\/gobiernomexicano.com\/JCZSMX\/wp-json\/wp\/v2\/pages"}],"about":[{"href":"https:\/\/gobiernomexicano.com\/JCZSMX\/wp-json\/wp\/v2\/types\/page"}],"replies":[{"embeddable":true,"href":"https:\/\/gobiernomexicano.com\/JCZSMX\/wp-json\/wp\/v2\/comments?post=24"}],"version-history":[{"count":35,"href":"https:\/\/gobiernomexicano.com\/JCZSMX\/wp-json\/wp\/v2\/pages\/24\/revisions"}],"predecessor-version":[{"id":192,"href":"https:\/\/gobiernomexicano.com\/JCZSMX\/wp-json\/wp\/v2\/pages\/24\/revisions\/192"}],"wp:attachment":[{"href":"https:\/\/gobiernomexicano.com\/JCZSMX\/wp-json\/wp\/v2\/media?parent=24"}],"curies":[{"name":"wp","href":"https:\/\/api.w.org\/{rel}","templated":true}]}}