{"id":123,"date":"2023-12-16T02:24:50","date_gmt":"2023-12-16T02:24:50","guid":{"rendered":"https:\/\/gobiernomexicano.com\/JCZSMX\/?page_id=123"},"modified":"2023-12-22T03:02:46","modified_gmt":"2023-12-22T03:02:46","slug":"semblanza-2","status":"publish","type":"page","link":"https:\/\/gobiernomexicano.com\/JCZSMX\/semblanza-2\/","title":{"rendered":"Semblanza"},"content":{"rendered":"\n\n\n<h2>SEMBLANZA<br><\/h2>\n<h4>JUAN CARLOS ZAZUETA SEOANE<br><\/h4>\n<p>Aspirante a Diputado Local<br>Distrito electoral <strong>17<\/strong> de la Ciudad de M\u00e9xico, Alcald\u00eda Benito Ju\u00e1rez<br><\/p>\n<p>Empresario mexicano dedicado al entretenimiento en todos sus sentidos, fundador y accionista de empresas y marcas nacionales:<br><br>United\n Entertainment, Party Bus M\u00e9xico, Playboy M\u00e9xico Party Bus, Covid Free \nM\u00e9xico, Gourmet Bus y My After Movie por mencionar algunas de ellas \nsiendo nombrado empresario emprendedor del a\u00f1o por la revista \nEntrepreneur y Grupo Reforma (2012). A lo largo de su trayectoria \nprofesional se ha destacado como productor en distintas televisoras, \nTelevisa, MVS Televisi\u00f3n e Imagen Radio, as\u00ed mismo participa en la \ndirecci\u00f3n, producci\u00f3n, comercializaci\u00f3n y difusi\u00f3n de festivales \ninternacionales,&nbsp; etc&#8230;<br><br>Dentro de su trayectoria como productor,\n actor y creador de contenidos para adultos XXX, ha sido reconocido, por\n su trayectoria de mas de 15 a\u00f1os como mejor actor porno P.O.V. 2018 por\n PREMIOS MEXXXICO. (EXPO SEXO Y ENTRETENIMIENTO &#8211; SEXMEX). tambien \nconsiderado influencer en el medio por su interacci\u00f3n y n\u00famero de \nseguidores en X (antes Twitter), OnlyFans, LoverFans.<br><br>Creador y \nfundador de Only Agency, empresa encargada de la representaci\u00f3n de \ntalento V.I.P. para la difusi\u00f3n de contenido en redes sociales de \npaga. Ahora dedicado como productor y anfitri\u00f3n de \nWORLDSEXTOUR. Compartiendo sus experiencias y viajes.<\/p>\n\n\n\n\n\n<p class=\"css-175oi2r r-1wbh5a2 r-dnmrzs r-1ny4l3l\"><p class=\"css-175oi2r r-1awozwy r-18u37iz r-dnmrzs\"><h5 dir=\"ltr\" class=\"css-1rynq56 r-bcqeeo r-qvutc0 r-37j5jr r-adyw6z r-135wba7 r-1vr29t4 r-1awozwy r-6koalj r-1udh08x\" style=\"color: rgb(15, 20, 25); text-overflow: unset;\"><span class=\"css-1qaijid r-bcqeeo r-qvutc0 r-poiln3\" style=\"text-overflow: unset;\"><span class=\"css-1qaijid r-bcqeeo r-qvutc0 r-poiln3\" style=\"text-overflow: unset;\">@JCZSMX<\/span><span class=\"css-1qaijid r-bcqeeo r-qvutc0 r-poiln3 r-1pos5eu\" style=\"text-overflow: unset;\"><span class=\"css-1qaijid r-bcqeeo r-qvutc0 r-poiln3 r-adyw6z r-135wba7 r-xoduu5 r-18u37iz r-1q142lx\" style=\"text-overflow: unset;\"><span class=\"css-1qaijid r-bcqeeo r-qvutc0 r-poiln3 r-1awozwy r-xoduu5\" style=\"text-overflow: unset;\"><\/span><\/span><\/span><\/span><\/h5><\/p><\/p><h5><\/h5>\n\n\n\n\n\n\n\n\n\n\n\n\n\n\n\n\n\n\n<h3><span style=\"color: #FFB400\">PRD<\/span><\/h3>\n<h6><strong style=\"color: rgb(255, 255, 255);\">Aspirante a Diputado Local<br>Distrito electoral 17 de la Ciudad de M\u00e9xico, Alcald\u00eda Benito Ju\u00e1rez<br><br><br><\/strong><\/h6>\n\n\n\n\n\n\n\n\n\n\n\n\n\n\n\n\n\n\n\n\n\n\n\n\n\n\n","protected":false},"excerpt":{"rendered":"","protected":false},"author":1,"featured_media":0,"parent":0,"menu_order":0,"comment_status":"closed","ping_status":"closed","template":"","meta":{"pagelayer_contact_templates":[],"_pagelayer_content":"","footnotes":""},"class_list":["post-123","page","type-page","status-publish","hentry"],"_links":{"self":[{"href":"https:\/\/gobiernomexicano.com\/JCZSMX\/wp-json\/wp\/v2\/pages\/123","targetHints":{"allow":["GET"]}}],"collection":[{"href":"https:\/\/gobiernomexicano.com\/JCZSMX\/wp-json\/wp\/v2\/pages"}],"about":[{"href":"https:\/\/gobiernomexicano.com\/JCZSMX\/wp-json\/wp\/v2\/types\/page"}],"author":[{"embeddable":true,"href":"https:\/\/gobiernomexicano.com\/JCZSMX\/wp-json\/wp\/v2\/users\/1"}],"replies":[{"embeddable":true,"href":"https:\/\/gobiernomexicano.com\/JCZSMX\/wp-json\/wp\/v2\/comments?post=123"}],"version-history":[{"count":8,"href":"https:\/\/gobiernomexicano.com\/JCZSMX\/wp-json\/wp\/v2\/pages\/123\/revisions"}],"predecessor-version":[{"id":193,"href":"https:\/\/gobiernomexicano.com\/JCZSMX\/wp-json\/wp\/v2\/pages\/123\/revisions\/193"}],"wp:attachment":[{"href":"https:\/\/gobiernomexicano.com\/JCZSMX\/wp-json\/wp\/v2\/media?parent=123"}],"curies":[{"name":"wp","href":"https:\/\/api.w.org\/{rel}","templated":true}]}}